{"id":841,"date":"2025-11-25T11:11:51","date_gmt":"2025-11-25T11:11:51","guid":{"rendered":"https:\/\/www.valentesuites.com\/about-us\/"},"modified":"2026-04-06T11:52:38","modified_gmt":"2026-04-06T11:52:38","slug":"hakkimizda","status":"publish","type":"page","link":"https:\/\/www.valentesuites.com\/tr\/hakkimizda\/","title":{"rendered":"Hakk\u0131m\u0131zda"},"content":{"rendered":"\t\t<div data-elementor-type=\"wp-page\" data-elementor-id=\"841\" class=\"elementor elementor-841 elementor-125\">\n\t\t\t\t<div class=\"elementor-element elementor-element-2270315a e-flex e-con-boxed e-con e-parent\" data-id=\"2270315a\" data-element_type=\"container\" data-e-type=\"container\" data-settings=\"{&quot;background_background&quot;:&quot;classic&quot;}\">\n\t\t\t\t\t<div class=\"e-con-inner\">\n\t\t\t\t<div class=\"elementor-element elementor-element-2c4272a8 elementor-widget__width-initial elementor-widget elementor-widget-elementskit-heading\" data-id=\"2c4272a8\" data-element_type=\"widget\" data-e-type=\"widget\" data-widget_type=\"elementskit-heading.default\">\n\t\t\t\t\t<div class=\"ekit-wid-con\" ><div class=\"ekit-heading elementskit-section-title-wraper text_center   ekit_heading_tablet-   ekit_heading_mobile-\"><h1 class=\"ekit-heading--title elementskit-section-title \">Hakk\u0131m\u0131zda<\/h1><div class=\"ekit-heading--subtitle elementskit-section-subtitle  \">\n\t\t\t\t\t\tANASAYFA - HAKKIMIZDA\n\t\t\t\t\t<\/div><\/div><\/div>\t\t\t\t<\/div>\n\t\t\t\t\t<\/div>\n\t\t\t\t<\/div>\n\t\t<div class=\"elementor-element elementor-element-c42d02e e-con-full e-flex e-con e-parent\" data-id=\"c42d02e\" data-element_type=\"container\" data-e-type=\"container\">\n\t\t<div class=\"elementor-element elementor-element-63fdf32 e-con-full e-flex e-con e-child\" data-id=\"63fdf32\" data-element_type=\"container\" data-e-type=\"container\">\n\t\t\t\t<div class=\"elementor-element elementor-element-17558b6 elementor-widget elementor-widget-elementskit-heading\" data-id=\"17558b6\" data-element_type=\"widget\" data-e-type=\"widget\" data-widget_type=\"elementskit-heading.default\">\n\t\t\t\t\t<div class=\"ekit-wid-con\" ><div class=\"ekit-heading elementskit-section-title-wraper text_left   ekit_heading_tablet-text_center   ekit_heading_mobile-\"><h3 class=\"ekit-heading--title elementskit-section-title \">Valente Suites &amp; Hotel\u2019e Ho\u015f Geldiniz<\/h3>\t\t\t\t<div class='ekit-heading__description'>\n\t\t\t\t\t<p>Modern tasar\u0131m\u0131yla dikkat \u00e7eken Valente Suites, \u0130stanbul\u2019un kalbinde ayr\u0131cal\u0131kl\u0131 bir konaklama deneyimi sunuyor. Tesisteki 17 \u00f6zel s\u00fcitin her biri, ferah kullan\u0131m alanlar\u0131 ve en g\u00fcncel teknolojik donan\u0131mlarla haz\u0131rland\u0131. \u015e\u0131k dekorasyonun yan\u0131 s\u0131ra sessiz ve sakin bir ortam sa\u011flayan ses yal\u0131t\u0131m\u0131, klima ve d\u00fcz ekran TV standart olarak sunuluyor. Konforlu oturma alan\u0131, ihtiya\u00e7lar\u0131n\u0131z\u0131 kar\u015f\u0131layacak donan\u0131ml\u0131 mini mutfak, \u00f6zel banyo ve \u00e7al\u0131\u015fma masas\u0131 odalarda yerini al\u0131yor. Kesintisiz internet eri\u015fimi, su \u0131s\u0131t\u0131c\u0131s\u0131 ve minibar\u0131n da bulundu\u011fu \u015fehir manzaral\u0131 s\u00fcitler, hem dinlenmek hem de \u00e7al\u0131\u015fmak i\u00e7in ideal bir ortam yarat\u0131yor.<\/p>\n\t\t\t\t<\/div>\n\t\t\t<\/div><\/div>\t\t\t\t<\/div>\n\t\t\t\t<\/div>\n\t\t<div class=\"elementor-element elementor-element-84b4dde e-con-full e-flex e-con e-child\" data-id=\"84b4dde\" data-element_type=\"container\" data-e-type=\"container\" data-settings=\"{&quot;background_background&quot;:&quot;classic&quot;}\">\n\t\t\t\t<div class=\"elementor-element elementor-element-a613a66 elementor-widget elementor-widget-image\" data-id=\"a613a66\" data-element_type=\"widget\" data-e-type=\"widget\" data-widget_type=\"image.default\">\n\t\t\t\t\t\t\t\t\t\t\t\t\t\t\t<img fetchpriority=\"high\" decoding=\"async\" width=\"1799\" height=\"2262\" src=\"https:\/\/www.valentesuites.com\/wp-content\/uploads\/2025\/12\/DSC_9107-scaled-2.jpg\" class=\"attachment-full size-full wp-image-1839\" alt=\"\" srcset=\"https:\/\/www.valentesuites.com\/wp-content\/uploads\/2025\/12\/DSC_9107-scaled-2.jpg 1799w, https:\/\/www.valentesuites.com\/wp-content\/uploads\/2025\/12\/DSC_9107-scaled-2-239x300.jpg 239w, https:\/\/www.valentesuites.com\/wp-content\/uploads\/2025\/12\/DSC_9107-scaled-2-814x1024.jpg 814w, https:\/\/www.valentesuites.com\/wp-content\/uploads\/2025\/12\/DSC_9107-scaled-2-768x966.jpg 768w, https:\/\/www.valentesuites.com\/wp-content\/uploads\/2025\/12\/DSC_9107-scaled-2-1222x1536.jpg 1222w, https:\/\/www.valentesuites.com\/wp-content\/uploads\/2025\/12\/DSC_9107-scaled-2-1629x2048.jpg 1629w\" sizes=\"(max-width: 1799px) 100vw, 1799px\" \/>\t\t\t\t\t\t\t\t\t\t\t\t\t\t\t<\/div>\n\t\t\t\t<\/div>\n\t\t\t\t<\/div>\n\t\t<div class=\"elementor-element elementor-element-1e3ac528 e-con-full e-flex e-con e-parent\" data-id=\"1e3ac528\" data-element_type=\"container\" data-e-type=\"container\">\n\t\t<div class=\"elementor-element elementor-element-6175e18 e-con-full e-flex e-con e-child\" data-id=\"6175e18\" data-element_type=\"container\" data-e-type=\"container\">\n\t\t<div class=\"elementor-element elementor-element-2d97267 e-con-full e-flex e-con e-child\" data-id=\"2d97267\" data-element_type=\"container\" data-e-type=\"container\" data-settings=\"{&quot;background_background&quot;:&quot;classic&quot;}\">\n\t\t\t\t<div class=\"elementor-element elementor-element-f8f7769 elementor-arrows-position-inside elementor-widget elementor-widget-image-carousel\" data-id=\"f8f7769\" data-element_type=\"widget\" data-e-type=\"widget\" data-settings=\"{&quot;slides_to_show&quot;:&quot;1&quot;,&quot;navigation&quot;:&quot;arrows&quot;,&quot;autoplay&quot;:&quot;yes&quot;,&quot;pause_on_hover&quot;:&quot;yes&quot;,&quot;pause_on_interaction&quot;:&quot;yes&quot;,&quot;autoplay_speed&quot;:5000,&quot;infinite&quot;:&quot;yes&quot;,&quot;effect&quot;:&quot;slide&quot;,&quot;speed&quot;:500}\" data-widget_type=\"image-carousel.default\">\n\t\t\t\t\t\t\t<div class=\"elementor-image-carousel-wrapper swiper\" role=\"region\" aria-roledescription=\"carousel\" aria-label=\"Resim D\u00f6ng\u00fcs\u00fc\" dir=\"ltr\">\n\t\t\t<div class=\"elementor-image-carousel swiper-wrapper\" aria-live=\"off\">\n\t\t\t\t\t\t\t\t<div class=\"swiper-slide\" role=\"group\" aria-roledescription=\"slide\" aria-label=\"1 \/ 4\"><figure class=\"swiper-slide-inner\"><img decoding=\"async\" class=\"swiper-slide-image\" src=\"https:\/\/www.valentesuites.com\/wp-content\/uploads\/2025\/11\/5-3.jpg\" alt=\"\u00c4\u00b0stiklal Caddesi\" \/><\/figure><\/div><div class=\"swiper-slide\" role=\"group\" aria-roledescription=\"slide\" aria-label=\"2 \/ 4\"><figure class=\"swiper-slide-inner\"><img decoding=\"async\" class=\"swiper-slide-image\" src=\"https:\/\/www.valentesuites.com\/wp-content\/uploads\/2025\/11\/3-8.jpg\" alt=\"Ortak\u00c3\u00b6y Meydan\u00c4\u00b1\" \/><\/figure><\/div><div class=\"swiper-slide\" role=\"group\" aria-roledescription=\"slide\" aria-label=\"3 \/ 4\"><figure class=\"swiper-slide-inner\"><img decoding=\"async\" class=\"swiper-slide-image\" src=\"https:\/\/www.valentesuites.com\/wp-content\/uploads\/2025\/11\/1-8.jpg\" alt=\"Galata Kulesi\" \/><\/figure><\/div><div class=\"swiper-slide\" role=\"group\" aria-roledescription=\"slide\" aria-label=\"4 \/ 4\"><figure class=\"swiper-slide-inner\"><img decoding=\"async\" class=\"swiper-slide-image\" src=\"https:\/\/www.valentesuites.com\/wp-content\/uploads\/2025\/11\/2-8.jpg\" alt=\"Y\u00c4\u00b1ld\u00c4\u00b1z Saray\u00c4\u00b1\" \/><\/figure><\/div>\t\t\t<\/div>\n\t\t\t\t\t\t\t\t\t\t\t\t<div class=\"elementor-swiper-button elementor-swiper-button-prev\" role=\"button\" tabindex=\"0\">\n\t\t\t\t\t\t<svg class=\"ekit-svg-icon icon-chevron-left\" viewBox=\"0 0 32 32\" xmlns=\"http:\/\/www.w3.org\/2000\/svg\"><path d=\"M22.4 32c0.205 0 0.409-0.078 0.566-0.234 0.312-0.312 0.312-0.819 0-1.131l-13.834-13.834 13.834-13.834c0.312-0.312 0.312-0.819 0-1.131s-0.819-0.312-1.131 0l-14.4 14.4c-0.312 0.312-0.312 0.819 0 1.131l14.4 14.4c0.156 0.156 0.361 0.234 0.566 0.234z\"><\/path><\/svg>\t\t\t\t\t<\/div>\n\t\t\t\t\t<div class=\"elementor-swiper-button elementor-swiper-button-next\" role=\"button\" tabindex=\"0\">\n\t\t\t\t\t\t<svg class=\"ekit-svg-icon icon-chevron-right\" viewBox=\"0 0 32 32\" xmlns=\"http:\/\/www.w3.org\/2000\/svg\"><path d=\"M8 32c-0.205 0-0.409-0.078-0.566-0.234-0.312-0.312-0.312-0.819 0-1.131l13.834-13.834-13.834-13.834c-0.312-0.312-0.312-0.819 0-1.131s0.819-0.312 1.131 0l14.4 14.4c0.312 0.312 0.312 0.819 0 1.131l-14.4 14.4c-0.156 0.156-0.361 0.234-0.566 0.234z\"><\/path><\/svg>\t\t\t\t\t<\/div>\n\t\t\t\t\n\t\t\t\t\t\t\t\t\t<\/div>\n\t\t\t\t\t\t<\/div>\n\t\t\t\t<\/div>\n\t\t<div class=\"elementor-element elementor-element-706a9ca e-con-full e-flex e-con e-child\" data-id=\"706a9ca\" data-element_type=\"container\" data-e-type=\"container\">\n\t\t\t\t<div class=\"elementor-element elementor-element-a4daffb elementor-widget elementor-widget-elementskit-heading\" data-id=\"a4daffb\" data-element_type=\"widget\" data-e-type=\"widget\" data-widget_type=\"elementskit-heading.default\">\n\t\t\t\t\t<div class=\"ekit-wid-con\" ><div class=\"ekit-heading elementskit-section-title-wraper text_left   ekit_heading_tablet-text_center   ekit_heading_mobile-\">\t\t\t\t<div class='ekit-heading__description'>\n\t\t\t\t\t<p>\u0130stanbul\u2019un kalbindeki konumuyla i\u015f ve tatil seyahatleriniz i\u00e7in kusursuz bir se\u00e7enek sunan Valente Suites, \u015fehrin ritmini yakalaman\u0131z\u0131 sa\u011fl\u0131yor. Ki\u015fiselle\u015ftirilmi\u015f hizmetlerimizle konaklaman\u0131z\u0131n her an\u0131n\u0131 kusursuz k\u0131lmay\u0131 hedefliyoruz. Tesisimizde engelli misafirlerimizin ihtiya\u00e7lar\u0131 titizlikle d\u00fc\u015f\u00fcn\u00fclm\u00fc\u015ft\u00fcr. Giri\u015fte sa\u011flanan ta\u015f\u0131nabilir rampa ve asans\u00f6rlerdeki Braille alfabesi deste\u011fiyle t\u00fcm konuklar\u0131m\u0131z i\u00e7in engelsiz ve g\u00fcvenli bir ortam yarat\u0131yor, hizmet standartlar\u0131m\u0131z\u0131 geli\u015ftirmeye devam ediyoruz.<\/p>\n<p>Konum avantaj\u0131yla dikkat \u00e7eken Valente Suites; \u0130stanbul Havaliman\u0131\u2019na 32 km, Sabiha G\u00f6k\u00e7en Havaliman\u0131\u2019na 30 km mesafededir. Galataport Liman\u0131 ise otele sadece 4 km uzakl\u0131ktad\u0131r<\/p>\n\t\t\t\t<\/div>\n\t\t\t<\/div><\/div>\t\t\t\t<\/div>\n\t\t\t\t<\/div>\n\t\t\t\t<\/div>\n\t\t\t\t<\/div>\n\t\t<div class=\"elementor-element elementor-element-e45f786 e-con-full e-flex e-con e-parent\" data-id=\"e45f786\" data-element_type=\"container\" data-e-type=\"container\">\n\t\t\t\t<div class=\"elementor-element elementor-element-095014f content-align-cta-center elementor-widget elementor-widget-eael-cta-box\" data-id=\"095014f\" data-element_type=\"widget\" data-e-type=\"widget\" data-widget_type=\"eael-cta-box.default\">\n\t\t\t\t\t\t\t<div class=\"eael-call-to-action cta-basic bg-lite cta-preset-1\">\n        <h2 class=\"title eael-cta-heading\">Odan\u0131z\u0131 bug\u00fcn ay\u0131rt\u0131n.<\/h2><p>E\u015fsiz konfor ve zarafetin tad\u0131n\u0131 \u00e7\u0131kar\u0131n<\/p><a href=\"tel:%20(0212)%20261%2024%2024\" class=\"cta-button cta-preset-1  \">(0212) 261 24 24<\/a><a href=\"https:\/\/valentesuites.istbooking.com\/\" target=\"_blank\" class=\"cta-button cta-secondary-button \">REZERVASYON<\/a>\t<\/div>\n\t\t\t\t\t\t\t\t<\/div>\n\t\t\t\t<\/div>\n\t\t\t\t<\/div>\n\t\t","protected":false},"excerpt":{"rendered":"<p>Hakk\u0131m\u0131zda ANASAYFA &#8211; HAKKIMIZDA Valente Suites &amp; Hotel\u2019e Ho\u015f Geldiniz Modern tasar\u0131m\u0131yla dikkat \u00e7eken Valente Suites, \u0130stanbul\u2019un kalbinde ayr\u0131cal\u0131kl\u0131 bir konaklama deneyimi sunuyor. Tesisteki 17 \u00f6zel s\u00fcitin her biri, ferah kullan\u0131m alanlar\u0131 ve en g\u00fcncel teknolojik donan\u0131mlarla haz\u0131rland\u0131. \u015e\u0131k dekorasyonun yan\u0131 s\u0131ra sessiz ve sakin bir ortam sa\u011flayan ses yal\u0131t\u0131m\u0131, klima ve d\u00fcz ekran TV [&hellip;]<\/p>\n","protected":false},"author":1,"featured_media":0,"parent":0,"menu_order":0,"comment_status":"closed","ping_status":"closed","template":"elementor_header_footer","meta":{"om_disable_all_campaigns":false,"_monsterinsights_skip_tracking":false,"_monsterinsights_sitenote_active":false,"_monsterinsights_sitenote_note":"","_monsterinsights_sitenote_category":0,"footnotes":""},"class_list":["post-841","page","type-page","status-publish","hentry"],"aioseo_notices":[],"_links":{"self":[{"href":"https:\/\/www.valentesuites.com\/tr\/wp-json\/wp\/v2\/pages\/841","targetHints":{"allow":["GET"]}}],"collection":[{"href":"https:\/\/www.valentesuites.com\/tr\/wp-json\/wp\/v2\/pages"}],"about":[{"href":"https:\/\/www.valentesuites.com\/tr\/wp-json\/wp\/v2\/types\/page"}],"author":[{"embeddable":true,"href":"https:\/\/www.valentesuites.com\/tr\/wp-json\/wp\/v2\/users\/1"}],"replies":[{"embeddable":true,"href":"https:\/\/www.valentesuites.com\/tr\/wp-json\/wp\/v2\/comments?post=841"}],"version-history":[{"count":29,"href":"https:\/\/www.valentesuites.com\/tr\/wp-json\/wp\/v2\/pages\/841\/revisions"}],"predecessor-version":[{"id":1975,"href":"https:\/\/www.valentesuites.com\/tr\/wp-json\/wp\/v2\/pages\/841\/revisions\/1975"}],"wp:attachment":[{"href":"https:\/\/www.valentesuites.com\/tr\/wp-json\/wp\/v2\/media?parent=841"}],"curies":[{"name":"wp","href":"https:\/\/api.w.org\/{rel}","templated":true}]}}