{"id":827,"date":"2025-11-25T11:12:38","date_gmt":"2025-11-25T11:12:38","guid":{"rendered":"https:\/\/www.valentesuites.com\/offers\/"},"modified":"2026-04-03T12:17:51","modified_gmt":"2026-04-03T12:17:51","slug":"teklifler","status":"publish","type":"page","link":"https:\/\/www.valentesuites.com\/tr\/teklifler\/","title":{"rendered":"Teklifler"},"content":{"rendered":"\t\t<div data-elementor-type=\"wp-page\" data-elementor-id=\"827\" class=\"elementor elementor-827 elementor-131\">\n\t\t\t\t<div class=\"elementor-element elementor-element-12836d81 e-flex e-con-boxed e-con e-parent\" data-id=\"12836d81\" data-element_type=\"container\" data-e-type=\"container\" data-settings=\"{&quot;background_background&quot;:&quot;classic&quot;}\">\n\t\t\t\t\t<div class=\"e-con-inner\">\n\t\t\t\t<div class=\"elementor-element elementor-element-375f4502 elementor-widget__width-initial elementor-widget elementor-widget-elementskit-heading\" data-id=\"375f4502\" data-element_type=\"widget\" data-e-type=\"widget\" data-widget_type=\"elementskit-heading.default\">\n\t\t\t\t\t<div class=\"ekit-wid-con\" ><div class=\"ekit-heading elementskit-section-title-wraper text_center   ekit_heading_tablet-   ekit_heading_mobile-\"><h1 class=\"ekit-heading--title elementskit-section-title \">Teklifler<\/h1><div class=\"ekit-heading--subtitle elementskit-section-subtitle  \">\n\t\t\t\t\t\tANASAYFA - TEKL\u0130FLER\n\t\t\t\t\t<\/div><\/div><\/div>\t\t\t\t<\/div>\n\t\t\t\t\t<\/div>\n\t\t\t\t<\/div>\n\t\t<div class=\"elementor-element elementor-element-5d4b0198 e-flex e-con-boxed e-con e-parent\" data-id=\"5d4b0198\" data-element_type=\"container\" data-e-type=\"container\">\n\t\t\t\t\t<div class=\"e-con-inner\">\n\t\t<div class=\"elementor-element elementor-element-455063b2 e-con-full e-flex e-con e-child\" data-id=\"455063b2\" data-element_type=\"container\" data-e-type=\"container\">\n\t\t\t\t<div class=\"elementor-element elementor-element-6511c366 elementor-widget elementor-widget-image\" data-id=\"6511c366\" data-element_type=\"widget\" data-e-type=\"widget\" data-widget_type=\"image.default\">\n\t\t\t\t\t\t\t\t\t\t\t\t\t\t\t<img fetchpriority=\"high\" decoding=\"async\" width=\"2560\" height=\"1743\" src=\"https:\/\/www.valentesuites.com\/wp-content\/uploads\/2025\/11\/DSC_8964-scaled-1.jpg\" class=\"attachment-full size-full wp-image-840\" alt=\"\" srcset=\"https:\/\/www.valentesuites.com\/wp-content\/uploads\/2025\/11\/DSC_8964-scaled-1.jpg 2560w, https:\/\/www.valentesuites.com\/wp-content\/uploads\/2025\/11\/DSC_8964-scaled-1-300x204.jpg 300w, https:\/\/www.valentesuites.com\/wp-content\/uploads\/2025\/11\/DSC_8964-scaled-1-1024x697.jpg 1024w, https:\/\/www.valentesuites.com\/wp-content\/uploads\/2025\/11\/DSC_8964-scaled-1-768x523.jpg 768w, https:\/\/www.valentesuites.com\/wp-content\/uploads\/2025\/11\/DSC_8964-scaled-1-1536x1046.jpg 1536w, https:\/\/www.valentesuites.com\/wp-content\/uploads\/2025\/11\/DSC_8964-scaled-1-2048x1394.jpg 2048w\" sizes=\"(max-width: 2560px) 100vw, 2560px\" \/>\t\t\t\t\t\t\t\t\t\t\t\t\t\t\t<\/div>\n\t\t\t\t<\/div>\n\t\t<div class=\"elementor-element elementor-element-3c353ddd e-con-full e-flex e-con e-child\" data-id=\"3c353ddd\" data-element_type=\"container\" data-e-type=\"container\">\n\t\t\t\t<div class=\"elementor-element elementor-element-5fd03c4c elementor-widget elementor-widget-elementskit-heading\" data-id=\"5fd03c4c\" data-element_type=\"widget\" data-e-type=\"widget\" data-widget_type=\"elementskit-heading.default\">\n\t\t\t\t\t<div class=\"ekit-wid-con\" ><div class=\"ekit-heading elementskit-section-title-wraper text_left   ekit_heading_tablet-text_center   ekit_heading_mobile-\"><h2 class=\"elementskit-section-subtitle  \">\n\t\t\t\t\t\tTEKL\u0130FLER\n\t\t\t\t\t<\/h2><h3 class=\"ekit-heading--title elementskit-section-title \">\u00d6zel Teklifler<\/h3>\t\t\t\t<div class='ekit-heading__description'>\n\t\t\t\t\t<p>Seyahatinizi, beklentinizin \u00f6tesinde an\u0131lara d\u00f6n\u00fc\u015ft\u00fcrecek ayr\u0131cal\u0131klar i\u00e7in\u2026 Konaklaman\u0131zdan en iyi \u015fekilde yararlanmak i\u00e7in \u00f6zel Valente Suites teklifleriyle avantajl\u0131 indirimleri hakk\u0131nda bilgi sahibi olun.<\/p>\n\t\t\t\t<\/div>\n\t\t\t<\/div><\/div>\t\t\t\t<\/div>\n\t\t\t\t<div class=\"elementor-element elementor-element-7affcff6 elementor-align--tabletcenter elementor-widget elementor-widget-elementskit-button\" data-id=\"7affcff6\" data-element_type=\"widget\" data-e-type=\"widget\" data-widget_type=\"elementskit-button.default\">\n\t\t\t\t\t<div class=\"ekit-wid-con\" >\t\t<div class=\"ekit-btn-wraper\">\n\t\t\t\t\t\t\t<a href=\"https:\/\/www.valentesuites.com\/tr\/iletisim\/\" class=\"elementskit-btn  whitespace--normal\" id=\"\">\n\t\t\t\t\t\u0130LET\u0130\u015e\u0130M\t\t\t\t<\/a>\n\t\t\t\t\t<\/div>\n        <\/div>\t\t\t\t<\/div>\n\t\t\t\t<\/div>\n\t\t\t\t\t<\/div>\n\t\t\t\t<\/div>\n\t\t<div class=\"elementor-element elementor-element-348adb7 e-flex e-con-boxed e-con e-parent\" data-id=\"348adb7\" data-element_type=\"container\" data-e-type=\"container\" data-settings=\"{&quot;background_background&quot;:&quot;classic&quot;}\">\n\t\t\t\t\t<div class=\"e-con-inner\">\n\t\t<div class=\"elementor-element elementor-element-c2c514c e-con-full e-flex e-con e-child\" data-id=\"c2c514c\" data-element_type=\"container\" data-e-type=\"container\">\n\t\t\t\t<div class=\"elementor-element elementor-element-334ee24 elementor-widget elementor-widget-elementskit-heading\" data-id=\"334ee24\" data-element_type=\"widget\" data-e-type=\"widget\" data-widget_type=\"elementskit-heading.default\">\n\t\t\t\t\t<div class=\"ekit-wid-con\" ><div class=\"ekit-heading elementskit-section-title-wraper text_left   ekit_heading_tablet-text_center   ekit_heading_mobile-\"><h2 class=\"elementskit-section-subtitle  \">\n\t\t\t\t\t\tTEKL\u0130FLER\n\t\t\t\t\t<\/h2><h3 class=\"ekit-heading--title elementskit-section-title \">Ayr\u0131cal\u0131kl\u0131 Bir \u0130stanbul Deneyimi<\/h3>\t\t\t\t<div class='ekit-heading__description'>\n\t\t\t\t\t<p>Valente Suites\u2019in dizayn ve ses ge\u00e7irmeyen odalar\u0131nda, \u0130stanbul\u2019un merkezinin keyfini birlikte \u00e7\u0131karal\u0131m. T\u00fcm oda tiplerinde ge\u00e7erli \u00f6zel indirimlerle \u201cEn \u0130yi Fiyat Garantisi\u201d Valente S\u00fcit\u2019te\u2026 Bu teklif sadece telefon ile yap\u0131lan rezervasyonlar i\u00e7in ge\u00e7erlidir.<\/p>\n\t\t\t\t<\/div>\n\t\t\t<\/div><\/div>\t\t\t\t<\/div>\n\t\t\t\t<div class=\"elementor-element elementor-element-745aab0 elementor-align--tabletcenter elementor-widget elementor-widget-elementskit-button\" data-id=\"745aab0\" data-element_type=\"widget\" data-e-type=\"widget\" data-widget_type=\"elementskit-button.default\">\n\t\t\t\t\t<div class=\"ekit-wid-con\" >\t\t<div class=\"ekit-btn-wraper\">\n\t\t\t\t\t\t\t<a href=\"https:\/\/www.valentesuites.com\/tr\/iletisim\/\" class=\"elementskit-btn  whitespace--normal\" id=\"\">\n\t\t\t\t\t\u0130LET\u0130\u015e\u0130M\t\t\t\t<\/a>\n\t\t\t\t\t<\/div>\n        <\/div>\t\t\t\t<\/div>\n\t\t\t\t<\/div>\n\t\t<div class=\"elementor-element elementor-element-bb4ed1f e-con-full e-flex e-con e-child\" data-id=\"bb4ed1f\" data-element_type=\"container\" data-e-type=\"container\">\n\t\t\t\t<div class=\"elementor-element elementor-element-b552ccf elementor-widget elementor-widget-image\" data-id=\"b552ccf\" data-element_type=\"widget\" data-e-type=\"widget\" data-widget_type=\"image.default\">\n\t\t\t\t\t\t\t\t\t\t\t\t\t\t\t<img decoding=\"async\" width=\"763\" height=\"500\" src=\"https:\/\/www.valentesuites.com\/wp-content\/uploads\/2025\/11\/3-3.jpg\" class=\"attachment-full size-full wp-image-871\" alt=\"\" srcset=\"https:\/\/www.valentesuites.com\/wp-content\/uploads\/2025\/11\/3-3.jpg 763w, https:\/\/www.valentesuites.com\/wp-content\/uploads\/2025\/11\/3-3-300x197.jpg 300w\" sizes=\"(max-width: 763px) 100vw, 763px\" \/>\t\t\t\t\t\t\t\t\t\t\t\t\t\t\t<\/div>\n\t\t\t\t<\/div>\n\t\t\t\t\t<\/div>\n\t\t\t\t<\/div>\n\t\t\t\t<\/div>\n\t\t","protected":false},"excerpt":{"rendered":"<p>Teklifler ANASAYFA &#8211; TEKL\u0130FLER TEKL\u0130FLER \u00d6zel Teklifler Seyahatinizi, beklentinizin \u00f6tesinde an\u0131lara d\u00f6n\u00fc\u015ft\u00fcrecek ayr\u0131cal\u0131klar i\u00e7in\u2026 Konaklaman\u0131zdan en iyi \u015fekilde yararlanmak i\u00e7in \u00f6zel Valente Suites teklifleriyle avantajl\u0131 indirimleri hakk\u0131nda bilgi sahibi olun. \u0130LET\u0130\u015e\u0130M TEKL\u0130FLER Ayr\u0131cal\u0131kl\u0131 Bir \u0130stanbul Deneyimi Valente Suites\u2019in dizayn ve ses ge\u00e7irmeyen odalar\u0131nda, \u0130stanbul\u2019un merkezinin keyfini birlikte \u00e7\u0131karal\u0131m. T\u00fcm oda tiplerinde ge\u00e7erli \u00f6zel indirimlerle \u201cEn [&hellip;]<\/p>\n","protected":false},"author":1,"featured_media":0,"parent":0,"menu_order":0,"comment_status":"closed","ping_status":"closed","template":"elementor_header_footer","meta":{"om_disable_all_campaigns":false,"_monsterinsights_skip_tracking":false,"_monsterinsights_sitenote_active":false,"_monsterinsights_sitenote_note":"","_monsterinsights_sitenote_category":0,"footnotes":""},"class_list":["post-827","page","type-page","status-publish","hentry"],"aioseo_notices":[],"_links":{"self":[{"href":"https:\/\/www.valentesuites.com\/tr\/wp-json\/wp\/v2\/pages\/827","targetHints":{"allow":["GET"]}}],"collection":[{"href":"https:\/\/www.valentesuites.com\/tr\/wp-json\/wp\/v2\/pages"}],"about":[{"href":"https:\/\/www.valentesuites.com\/tr\/wp-json\/wp\/v2\/types\/page"}],"author":[{"embeddable":true,"href":"https:\/\/www.valentesuites.com\/tr\/wp-json\/wp\/v2\/users\/1"}],"replies":[{"embeddable":true,"href":"https:\/\/www.valentesuites.com\/tr\/wp-json\/wp\/v2\/comments?post=827"}],"version-history":[{"count":11,"href":"https:\/\/www.valentesuites.com\/tr\/wp-json\/wp\/v2\/pages\/827\/revisions"}],"predecessor-version":[{"id":1966,"href":"https:\/\/www.valentesuites.com\/tr\/wp-json\/wp\/v2\/pages\/827\/revisions\/1966"}],"wp:attachment":[{"href":"https:\/\/www.valentesuites.com\/tr\/wp-json\/wp\/v2\/media?parent=827"}],"curies":[{"name":"wp","href":"https:\/\/api.w.org\/{rel}","templated":true}]}}