{"id":825,"date":"2025-11-25T11:13:43","date_gmt":"2025-11-25T11:13:43","guid":{"rendered":"https:\/\/www.valentesuites.com\/location-arrivals\/"},"modified":"2026-03-10T07:43:19","modified_gmt":"2026-03-10T07:43:19","slug":"konum-ulasim","status":"publish","type":"page","link":"https:\/\/www.valentesuites.com\/tr\/konum-ulasim\/","title":{"rendered":"Konum &amp; Ula\u015f\u0131m"},"content":{"rendered":"\t\t<div data-elementor-type=\"wp-page\" data-elementor-id=\"825\" class=\"elementor elementor-825 elementor-139\">\n\t\t\t\t<div class=\"elementor-element elementor-element-709ac23a e-flex e-con-boxed e-con e-parent\" data-id=\"709ac23a\" data-element_type=\"container\" data-e-type=\"container\" data-settings=\"{&quot;background_background&quot;:&quot;classic&quot;}\">\n\t\t\t\t\t<div class=\"e-con-inner\">\n\t\t\t\t<div class=\"elementor-element elementor-element-2bf9f720 elementor-widget__width-initial elementor-widget elementor-widget-elementskit-heading\" data-id=\"2bf9f720\" data-element_type=\"widget\" data-e-type=\"widget\" data-widget_type=\"elementskit-heading.default\">\n\t\t\t\t\t<div class=\"ekit-wid-con\" ><div class=\"ekit-heading elementskit-section-title-wraper text_center   ekit_heading_tablet-   ekit_heading_mobile-\"><h1 class=\"ekit-heading--title elementskit-section-title \">Konum &amp; Ula\u015f\u0131m<\/h1><div class=\"ekit-heading--subtitle elementskit-section-subtitle  \">\n\t\t\t\t\t\tANASAYFA - KONUM &amp; ULA\u015eIM\n\t\t\t\t\t<\/div><\/div><\/div>\t\t\t\t<\/div>\n\t\t\t\t\t<\/div>\n\t\t\t\t<\/div>\n\t\t<div class=\"elementor-element elementor-element-1e089316 e-flex e-con-boxed e-con e-parent\" data-id=\"1e089316\" data-element_type=\"container\" data-e-type=\"container\">\n\t\t\t\t\t<div class=\"e-con-inner\">\n\t\t<div class=\"elementor-element elementor-element-5fb7f193 e-con-full animated-slow e-flex elementor-invisible e-con e-child\" data-id=\"5fb7f193\" data-element_type=\"container\" data-e-type=\"container\" data-settings=\"{&quot;animation&quot;:&quot;fadeInUp&quot;}\">\n\t\t\t\t<div class=\"elementor-element elementor-element-5a2897c4 elementor-widget elementor-widget-image\" data-id=\"5a2897c4\" data-element_type=\"widget\" data-e-type=\"widget\" data-widget_type=\"image.default\">\n\t\t\t\t\t\t\t\t\t\t\t\t\t\t\t<img fetchpriority=\"high\" decoding=\"async\" width=\"1920\" height=\"1080\" src=\"https:\/\/www.valentesuites.com\/wp-content\/uploads\/2025\/11\/1-11.jpg\" class=\"attachment-full size-full wp-image-868\" alt=\"Private Transfer\" srcset=\"https:\/\/www.valentesuites.com\/wp-content\/uploads\/2025\/11\/1-11.jpg 1920w, https:\/\/www.valentesuites.com\/wp-content\/uploads\/2025\/11\/1-11-300x169.jpg 300w, https:\/\/www.valentesuites.com\/wp-content\/uploads\/2025\/11\/1-11-1024x576.jpg 1024w, https:\/\/www.valentesuites.com\/wp-content\/uploads\/2025\/11\/1-11-768x432.jpg 768w, https:\/\/www.valentesuites.com\/wp-content\/uploads\/2025\/11\/1-11-1536x864.jpg 1536w\" sizes=\"(max-width: 1920px) 100vw, 1920px\" \/>\t\t\t\t\t\t\t\t\t\t\t\t\t\t\t<\/div>\n\t\t\t\t<\/div>\n\t\t<div class=\"elementor-element elementor-element-3d6d956a e-con-full animated-slow e-flex elementor-invisible e-con e-child\" data-id=\"3d6d956a\" data-element_type=\"container\" data-e-type=\"container\" data-settings=\"{&quot;animation&quot;:&quot;fadeInUp&quot;}\">\n\t\t\t\t<div class=\"elementor-element elementor-element-554b8520 elementor-widget elementor-widget-elementskit-heading\" data-id=\"554b8520\" data-element_type=\"widget\" data-e-type=\"widget\" data-widget_type=\"elementskit-heading.default\">\n\t\t\t\t\t<div class=\"ekit-wid-con\" ><div class=\"ekit-heading elementskit-section-title-wraper text_left   ekit_heading_tablet-text_center   ekit_heading_mobile-\"><h2 class=\"elementskit-section-subtitle  \">\n\t\t\t\t\t\tOTEL AYRICALI\u011eI\n\t\t\t\t\t<\/h2><h3 class=\"ekit-heading--title elementskit-section-title \">\u00d6zel Transfer<\/h3>\t\t\t\t<div class='ekit-heading__description'>\n\t\t\t\t\t<p>U\u00e7ak yolculu\u011fuyla havaliman\u0131na gelen yolcular\u0131n, \u00e7\u0131kacaklar\u0131 terminal kap\u0131lar\u0131nda kar\u015f\u0131lanarak, bagajlar\u0131na yard\u0131mc\u0131 olunup, \u00f6zel \u015fof\u00f6rl\u00fc ara\u00e7larla hem konforlu hem de uygun fiyatl\u0131 bir bi\u00e7imde konaklayacaklar\u0131 otellere ula\u015f\u0131m sa\u011flayabilecekleri hizmete otel transferi denir. Otel transferi, gerekli yolcu ta\u015f\u0131ma yetki belgelerine sahip havaliman\u0131 transfer firmalar\u0131 taraf\u0131ndan sunulan, \u00f6zel bir yolcu ta\u015f\u0131ma hizmetidir.<\/p>\n<p>\u00a0<\/p>\n<p>Otel transferi, hizmette kullan\u0131lan ara\u00e7lar bak\u0131m\u0131ndan ikiye ayr\u0131l\u0131r. Standart ara\u00e7larla sunulan havaliman\u0131 otel transferi ve vip ara\u00e7larla sunulan havaliman\u0131 otel transferi olarak, farkl\u0131 konfor se\u00e7eneklerine sahip ara\u00e7larla otelinize ula\u015fabilirsiniz. Havaliman\u0131 otel transfer hizmeti almak i\u00e7in rezervasyon yapmal\u0131s\u0131n\u0131z.<\/p>\n\t\t\t\t<\/div>\n\t\t\t<\/div><\/div>\t\t\t\t<\/div>\n\t\t\t\t<\/div>\n\t\t\t\t\t<\/div>\n\t\t\t\t<\/div>\n\t\t<div class=\"elementor-element elementor-element-b19025c e-flex e-con-boxed e-con e-parent\" data-id=\"b19025c\" data-element_type=\"container\" data-e-type=\"container\">\n\t\t\t\t\t<div class=\"e-con-inner\">\n\t\t<div class=\"elementor-element elementor-element-30e86be e-con-full animated-slow e-flex elementor-invisible e-con e-child\" data-id=\"30e86be\" data-element_type=\"container\" data-e-type=\"container\" data-settings=\"{&quot;animation&quot;:&quot;fadeInUp&quot;}\">\n\t\t\t\t<div class=\"elementor-element elementor-element-f0b36e8 elementor-widget elementor-widget-elementskit-heading\" data-id=\"f0b36e8\" data-element_type=\"widget\" data-e-type=\"widget\" data-widget_type=\"elementskit-heading.default\">\n\t\t\t\t\t<div class=\"ekit-wid-con\" ><div class=\"ekit-heading elementskit-section-title-wraper text_left   ekit_heading_tablet-text_center   ekit_heading_mobile-\"><h2 class=\"elementskit-section-subtitle  \">\n\t\t\t\t\t\t\u0130STANBUL HAVAL\u0130MANLARI\n\t\t\t\t\t<\/h2><h3 class=\"ekit-heading--title elementskit-section-title \">Taksi<\/h3>\t\t\t\t<div class='ekit-heading__description'>\n\t\t\t\t\t<p>\u0130stanbul Havaliman\u0131\u2019ndan tek y\u00f6n taksi \u00fccreti 30 Euro, \u0130stanbul Sabiha G\u00f6k\u00e7en Uluslararas\u0131 Havaliman\u0131\u2019ndan tek y\u00f6n taksi \u00fccreti ise 40-45 Euro civar\u0131ndad\u0131r.<\/p>\n\t\t\t\t<\/div>\n\t\t\t<\/div><\/div>\t\t\t\t<\/div>\n\t\t\t\t<\/div>\n\t\t<div class=\"elementor-element elementor-element-f793f66 e-con-full animated-slow e-flex elementor-invisible e-con e-child\" data-id=\"f793f66\" data-element_type=\"container\" data-e-type=\"container\" data-settings=\"{&quot;animation&quot;:&quot;fadeInUp&quot;}\">\n\t\t\t\t<div class=\"elementor-element elementor-element-cba22d9 elementor-widget elementor-widget-image\" data-id=\"cba22d9\" data-element_type=\"widget\" data-e-type=\"widget\" data-widget_type=\"image.default\">\n\t\t\t\t\t\t\t\t\t\t\t\t\t\t\t<img decoding=\"async\" width=\"1200\" height=\"801\" src=\"https:\/\/www.valentesuites.com\/wp-content\/uploads\/2025\/11\/2019_04_17_turkey_istanbul_airport_018.jpg\" class=\"attachment-full size-full wp-image-869\" alt=\"Taksi\" srcset=\"https:\/\/www.valentesuites.com\/wp-content\/uploads\/2025\/11\/2019_04_17_turkey_istanbul_airport_018.jpg 1200w, https:\/\/www.valentesuites.com\/wp-content\/uploads\/2025\/11\/2019_04_17_turkey_istanbul_airport_018-300x200.jpg 300w, https:\/\/www.valentesuites.com\/wp-content\/uploads\/2025\/11\/2019_04_17_turkey_istanbul_airport_018-1024x684.jpg 1024w, https:\/\/www.valentesuites.com\/wp-content\/uploads\/2025\/11\/2019_04_17_turkey_istanbul_airport_018-768x513.jpg 768w\" sizes=\"(max-width: 1200px) 100vw, 1200px\" \/>\t\t\t\t\t\t\t\t\t\t\t\t\t\t\t<\/div>\n\t\t\t\t<\/div>\n\t\t\t\t\t<\/div>\n\t\t\t\t<\/div>\n\t\t<div class=\"elementor-element elementor-element-22ada01 e-flex e-con-boxed e-con e-parent\" data-id=\"22ada01\" data-element_type=\"container\" data-e-type=\"container\">\n\t\t\t\t\t<div class=\"e-con-inner\">\n\t\t<div class=\"elementor-element elementor-element-12dfe40 e-con-full animated-slow e-flex elementor-invisible e-con e-child\" data-id=\"12dfe40\" data-element_type=\"container\" data-e-type=\"container\" data-settings=\"{&quot;animation&quot;:&quot;fadeInUp&quot;}\">\n\t\t\t\t<div class=\"elementor-element elementor-element-ad35e22 elementor-widget elementor-widget-image\" data-id=\"ad35e22\" data-element_type=\"widget\" data-e-type=\"widget\" data-widget_type=\"image.default\">\n\t\t\t\t\t\t\t\t\t\t\t\t\t\t\t<img decoding=\"async\" width=\"1200\" height=\"810\" src=\"https:\/\/www.valentesuites.com\/wp-content\/uploads\/2025\/11\/havaist-1-1200x810-1.jpg\" class=\"attachment-full size-full wp-image-870\" alt=\"Otob\u00c3\u00bcs\" srcset=\"https:\/\/www.valentesuites.com\/wp-content\/uploads\/2025\/11\/havaist-1-1200x810-1.jpg 1200w, https:\/\/www.valentesuites.com\/wp-content\/uploads\/2025\/11\/havaist-1-1200x810-1-300x203.jpg 300w, https:\/\/www.valentesuites.com\/wp-content\/uploads\/2025\/11\/havaist-1-1200x810-1-1024x691.jpg 1024w, https:\/\/www.valentesuites.com\/wp-content\/uploads\/2025\/11\/havaist-1-1200x810-1-768x518.jpg 768w\" sizes=\"(max-width: 1200px) 100vw, 1200px\" \/>\t\t\t\t\t\t\t\t\t\t\t\t\t\t\t<\/div>\n\t\t\t\t<\/div>\n\t\t<div class=\"elementor-element elementor-element-1eb6334 e-con-full animated-slow e-flex elementor-invisible e-con e-child\" data-id=\"1eb6334\" data-element_type=\"container\" data-e-type=\"container\" data-settings=\"{&quot;animation&quot;:&quot;fadeInUp&quot;}\">\n\t\t\t\t<div class=\"elementor-element elementor-element-4dfeb7f elementor-widget elementor-widget-elementskit-heading\" data-id=\"4dfeb7f\" data-element_type=\"widget\" data-e-type=\"widget\" data-widget_type=\"elementskit-heading.default\">\n\t\t\t\t\t<div class=\"ekit-wid-con\" ><div class=\"ekit-heading elementskit-section-title-wraper text_left   ekit_heading_tablet-text_center   ekit_heading_mobile-\"><h2 class=\"elementskit-section-subtitle  \">\n\t\t\t\t\t\t\u0130STANBUL HAVAL\u0130MANLARI\n\t\t\t\t\t<\/h2><h3 class=\"ekit-heading--title elementskit-section-title \">Otob\u00fcs<\/h3>\t\t\t\t<div class='ekit-heading__description'>\n\t\t\t\t\t<p>\u0130stanbul Havaliman\u0131\u2019nda, ring seferi yapan otob\u00fcsler (HAVAIST) mevcuttur. Otob\u00fcsler, sabah saat 04.00 ile gece saat 01.00 aras\u0131nda, her 30 dakikada bir hareket eder. Otob\u00fcs yolculu\u011fu yakla\u015f\u0131k 60 -75 dakika s\u00fcrer ve otob\u00fcslerin son dura\u011f\u0131 \u015fehir merkezi olan Be\u015fikta\u015f\u2019t\u0131r. Be\u015fikta\u015f \u0130skeleden Valente Suites &amp; Hotel\u2019e y\u00fcr\u00fcyerek ula\u015fabilirsiniz. Sabiha G\u00f6kcen Havaliman\u0131\u2019nda, ring seferi yapan otob\u00fcsler (HAVABUS) mevcuttur. Otob\u00fcsler, sabah saat 04.00 ile gece saat 01.00 aras\u0131nda, her 30 dakikada bir hareket eder. Otob\u00fcs yolculu\u011fu yakla\u015f\u0131k 60 -75 dakika s\u00fcrer ve otob\u00fcslerin son dura\u011f\u0131 \u015fehir merkezi olan Taksim\u2019dir. Taksim Meydan\u0131\u2019ndan Valente Suites &amp; Hotel\u2019e otele ula\u015fmak i\u00e7in taksi kullanabilirsiniz.<\/p>\n\t\t\t\t<\/div>\n\t\t\t<\/div><\/div>\t\t\t\t<\/div>\n\t\t\t\t<\/div>\n\t\t\t\t\t<\/div>\n\t\t\t\t<\/div>\n\t\t<div class=\"elementor-element elementor-element-33d8d61 e-flex e-con-boxed e-con e-parent\" data-id=\"33d8d61\" data-element_type=\"container\" data-e-type=\"container\" data-settings=\"{&quot;background_background&quot;:&quot;slideshow&quot;,&quot;background_slideshow_gallery&quot;:[{&quot;id&quot;:1815,&quot;url&quot;:&quot;https:\\\/\\\/www.valentesuites.com\\\/wp-content\\\/uploads\\\/2025\\\/12\\\/Istanbul-Bogazi-1.jpg&quot;},{&quot;id&quot;:1818,&quot;url&quot;:&quot;https:\\\/\\\/www.valentesuites.com\\\/wp-content\\\/uploads\\\/2025\\\/12\\\/Ortakoy-Meydani-3.jpg&quot;},{&quot;id&quot;:1814,&quot;url&quot;:&quot;https:\\\/\\\/www.valentesuites.com\\\/wp-content\\\/uploads\\\/2025\\\/12\\\/Galata-Kulesi-1.jpg&quot;},{&quot;id&quot;:1816,&quot;url&quot;:&quot;https:\\\/\\\/www.valentesuites.com\\\/wp-content\\\/uploads\\\/2025\\\/12\\\/Istiklal-Caddesi-3-1.jpg&quot;},{&quot;id&quot;:1817,&quot;url&quot;:&quot;https:\\\/\\\/www.valentesuites.com\\\/wp-content\\\/uploads\\\/2025\\\/12\\\/Kiz-Kulesi-1.jpg&quot;},{&quot;id&quot;:1813,&quot;url&quot;:&quot;https:\\\/\\\/www.valentesuites.com\\\/wp-content\\\/uploads\\\/2025\\\/12\\\/Dolmabahce-Sarayi-1.jpg&quot;},{&quot;id&quot;:1819,&quot;url&quot;:&quot;https:\\\/\\\/www.valentesuites.com\\\/wp-content\\\/uploads\\\/2025\\\/12\\\/Taksim-Meydani-1.jpg&quot;}],&quot;background_slideshow_slide_duration&quot;:2000,&quot;background_slideshow_loop&quot;:&quot;yes&quot;,&quot;background_slideshow_slide_transition&quot;:&quot;fade&quot;,&quot;background_slideshow_transition_duration&quot;:500}\">\n\t\t\t\t\t<div class=\"e-con-inner\">\n\t\t\t\t\t<\/div>\n\t\t\t\t<\/div>\n\t\t\t\t<\/div>\n\t\t","protected":false},"excerpt":{"rendered":"<p>Konum &amp; Ula\u00c5\u0178\u00c4\u00b1m ANASAYFA &#8211; KONUM &amp; ULA\u00c5\u017eIM OTEL AYRICALI\u00c4\u017eI \u00c3\u2013zel Transfer U\u00c3\u00a7ak yolculu\u00c4\u0178uyla havaliman\u00c4\u00b1na gelen yolcular\u00c4\u00b1n, \u00c3\u00a7\u00c4\u00b1kacaklar\u00c4\u00b1 terminal kap\u00c4\u00b1lar\u00c4\u00b1nda kar\u00c5\u0178\u00c4\u00b1lanarak, bagajlar\u00c4\u00b1na yard\u00c4\u00b1mc\u00c4\u00b1 olunup, \u00c3\u00b6zel \u00c5\u0178of\u00c3\u00b6rl\u00c3\u00bc ara\u00c3\u00a7larla hem konforlu hem de uygun fiyatl\u00c4\u00b1 bir bi\u00c3\u00a7imde konaklayacaklar\u00c4\u00b1 otellere ula\u00c5\u0178\u00c4\u00b1m sa\u00c4\u0178layabilecekleri hizmete otel transferi denir. Otel transferi, gerekli yolcu ta\u00c5\u0178\u00c4\u00b1ma yetki belgelerine sahip havaliman\u00c4\u00b1 transfer firmalar\u00c4\u00b1 taraf\u00c4\u00b1ndan [&hellip;]<\/p>\n","protected":false},"author":1,"featured_media":0,"parent":0,"menu_order":0,"comment_status":"closed","ping_status":"closed","template":"elementor_header_footer","meta":{"om_disable_all_campaigns":false,"_monsterinsights_skip_tracking":false,"_monsterinsights_sitenote_active":false,"_monsterinsights_sitenote_note":"","_monsterinsights_sitenote_category":0,"footnotes":""},"class_list":["post-825","page","type-page","status-publish","hentry"],"aioseo_notices":[],"_links":{"self":[{"href":"https:\/\/www.valentesuites.com\/tr\/wp-json\/wp\/v2\/pages\/825","targetHints":{"allow":["GET"]}}],"collection":[{"href":"https:\/\/www.valentesuites.com\/tr\/wp-json\/wp\/v2\/pages"}],"about":[{"href":"https:\/\/www.valentesuites.com\/tr\/wp-json\/wp\/v2\/types\/page"}],"author":[{"embeddable":true,"href":"https:\/\/www.valentesuites.com\/tr\/wp-json\/wp\/v2\/users\/1"}],"replies":[{"embeddable":true,"href":"https:\/\/www.valentesuites.com\/tr\/wp-json\/wp\/v2\/comments?post=825"}],"version-history":[{"count":8,"href":"https:\/\/www.valentesuites.com\/tr\/wp-json\/wp\/v2\/pages\/825\/revisions"}],"predecessor-version":[{"id":1960,"href":"https:\/\/www.valentesuites.com\/tr\/wp-json\/wp\/v2\/pages\/825\/revisions\/1960"}],"wp:attachment":[{"href":"https:\/\/www.valentesuites.com\/tr\/wp-json\/wp\/v2\/media?parent=825"}],"curies":[{"name":"wp","href":"https:\/\/api.w.org\/{rel}","templated":true}]}}